{"id":6553,"date":"2021-10-22T14:33:59","date_gmt":"2021-10-22T14:33:59","guid":{"rendered":"http:\/\/keypro.nl\/services\/moebelvermietung\/"},"modified":"2025-07-15T10:06:38","modified_gmt":"2025-07-15T10:06:38","slug":"mobelverleih","status":"publish","type":"page","link":"https:\/\/keypro.basictest.nl\/de\/dienstleistungen\/mobelverleih\/","title":{"rendered":"M\u00f6belverleih \u2013 Zeit und Geld sparen"},"content":{"rendered":"","protected":false},"excerpt":{"rendered":"","protected":false},"author":1,"featured_media":0,"parent":3944,"menu_order":0,"comment_status":"closed","ping_status":"closed","template":"","meta":{"_acf_changed":false,"footnotes":""},"class_list":["post-6553","page","type-page","status-publish","hentry"],"acf":[],"yoast_head":"<!-- This site is optimized with the Yoast SEO plugin v26.4 - https:\/\/yoast.com\/wordpress\/plugins\/seo\/ -->\n<title>Die beliebteste M\u00f6belvermietung: KeyPro Deutschlandweit geliefert<\/title>\n<meta name=\"robots\" content=\"noindex, follow, max-snippet:-1, max-image-preview:large, max-video-preview:-1\" \/>\n<meta property=\"og:locale\" content=\"de_DE\" \/>\n<meta property=\"og:type\" content=\"article\" \/>\n<meta property=\"og:site_name\" content=\"KeyPro\" \/>\n<meta property=\"article:modified_time\" content=\"2025-07-15T10:06:38+00:00\" \/>\n<meta property=\"og:image\" content=\"https:\/\/keypro.basictest.nl\/wp-content\/uploads\/2023\/07\/cropped-KeyPro-Meubelverhuur-Furniture-Rental-1.png\" \/>\n\t<meta property=\"og:image:width\" content=\"512\" \/>\n\t<meta property=\"og:image:height\" content=\"512\" \/>\n\t<meta property=\"og:image:type\" content=\"image\/png\" \/>\n<meta name=\"twitter:card\" content=\"summary_large_image\" \/>\n<script type=\"application\/ld+json\" class=\"yoast-schema-graph\">{\"@context\":\"https:\/\/schema.org\",\"@graph\":[{\"@type\":\"WebSite\",\"@id\":\"https:\/\/keypro.basictest.nl\/de\/#website\",\"url\":\"https:\/\/keypro.basictest.nl\/de\/\",\"name\":\"KeyPro\",\"description\":\"Meubels huren of kopen? KeyPro heeft wat je zoekt\",\"publisher\":{\"@id\":\"https:\/\/keypro.basictest.nl\/de\/#organization\"},\"inLanguage\":\"de\"},{\"@type\":\"WebPage\",\"@id\":\"https:\/\/keypro.basictest.nl\/de\/dienstleistungen\/mobelverleih\/\",\"url\":\"https:\/\/keypro.basictest.nl\/de\/\",\"name\":\"Die beliebteste M\u00f6belvermietung: KeyPro Deutschlandweit geliefert\",\"isPartOf\":{\"@id\":\"https:\/\/keypro.basictest.nl\/de\/#website\"},\"datePublished\":\"2021-10-22T14:33:59+00:00\",\"dateModified\":\"2025-07-15T10:06:38+00:00\",\"description\":\"Seit \u00fcber 10 Jahren Experten im M\u00f6belverleih und zuverl\u00e4ssiger Partner f\u00fcr Privat- und Gesch\u00e4ftskunden. Schnell, flexibel, modern & volle Kostenkontrolle.\",\"breadcrumb\":{\"@id\":\"https:\/\/keypro.basictest.nl\/de\/#breadcrumb\"},\"inLanguage\":\"de\",\"potentialAction\":[{\"@type\":\"ReadAction\",\"target\":[\"https:\/\/keypro.basictest.nl\/de\/\"]}]},{\"@type\":\"Organization\",\"@id\":\"https:\/\/keypro.basictest.nl\/de\/#organization\",\"name\":\"Keypro\",\"url\":\"https:\/\/keypro.basictest.nl\/de\/\",\"logo\":{\"@type\":\"ImageObject\",\"inLanguage\":\"de\",\"@id\":\"https:\/\/keypro.basictest.nl\/de\/#\/schema\/logo\/image\/\",\"url\":\"https:\/\/www.keypro.nl\/wp-content\/uploads\/2023\/07\/cropped-KeyPro-Meubelverhuur-Furniture-Rental-1.png\",\"contentUrl\":\"https:\/\/www.keypro.nl\/wp-content\/uploads\/2023\/07\/cropped-KeyPro-Meubelverhuur-Furniture-Rental-1.png\",\"width\":512,\"height\":512,\"caption\":\"Keypro\"},\"image\":{\"@id\":\"https:\/\/keypro.basictest.nl\/de\/#\/schema\/logo\/image\/\"}},{\"@type\":\"BreadcrumbList\",\"@id\":\"https:\/\/keypro.basictest.nl\/de\/dienstleistungen\/mobelverleih\/#breadcrumb\",\"itemListElement\":[{\"@type\":\"ListItem\",\"position\":1,\"name\":\"Home\",\"item\":\"https:\/\/keypro.basictest.nl\/de\/\"},{\"@type\":\"ListItem\",\"position\":2,\"name\":\"Dienstleistungen\",\"item\":\"https:\/\/keypro.basictest.nl\/de\/dienstleistungen\/\"},{\"@type\":\"ListItem\",\"position\":3,\"name\":\"M\u00f6belverleih \u2013 Zeit und Geld sparen\",\"item\":\"https:\/\/keypro.basictest.nl\/de\/dienstleistungen\/mobelverleih\/\"}]},{\"@type\":\"LocalBusiness\",\"@id\":\"https:\/\/keypro.basictest.nl\/de\/#localbusiness-amsterdam\",\"name\":\"KeyPro Amsterdam\",\"url\":\"https:\/\/keypro.basictest.nl\/de\/\",\"telephone\":\"+31850022110\",\"address\":{\"@type\":\"PostalAddress\",\"streetAddress\":\"Gyroscoopweg 66\",\"addressLocality\":\"AMSTERDAM\",\"postalCode\":\"1042 AC\",\"addressCountry\":\"NL\"},\"geo\":{\"@type\":\"GeoCoordinates\",\"latitude\":\"52.39975\",\"longitude\":\"4.84321\"},\"logo\":{\"@id\":\"https:\/\/keypro.basictest.nl\/de\/#\/schema\/logo\/image\/\"}},{\"@type\":\"LocalBusiness\",\"@id\":\"https:\/\/keypro.basictest.nl\/de\/#localbusiness-groningen\",\"name\":\"KeyPro Groningen\",\"url\":\"https:\/\/keypro.basictest.nl\/de\/\",\"telephone\":\"+31850022110\",\"address\":{\"@type\":\"PostalAddress\",\"streetAddress\":\"Rigaweg 12\",\"addressLocality\":\"GRONINGEN\",\"postalCode\":\"9723 TH\",\"addressCountry\":\"NL\"},\"geo\":{\"@type\":\"GeoCoordinates\",\"latitude\":\"53.211180\",\"longitude\":\"6.608492\"},\"logo\":{\"@id\":\"https:\/\/keypro.basictest.nl\/de\/#\/schema\/logo\/image\/\"}},{\"@type\":\"Service\",\"@id\":\"https:\/\/keypro.basictest.nl\/de\/dienstleistungen\/mobelverleih\/#service\",\"name\":\"M\u00f6belverleih \u2013 Zeit und Geld sparen\",\"description\":\"Bei KeyPro k\u00f6nnen Sie verschiedene Arten von M\u00f6beln oder M\u00f6belpakete mieten. Wir bieten f\u00fcr jedes Zuhause, jede Gastronomie oder Produktion die passende Einrichtung. Das Mieten von M\u00f6beln ist einfach, schnell und g\u00fcnstiger als der Kauf. Wir sorgen daf\u00fcr, dass die von Ihnen ausgew\u00e4hlten M\u00f6bel zum gew\u00fcnschten Zeitpunkt geliefert und vor Ort montiert werden. So sparen Sie nicht nur jede Menge Lagerkosten, sondern auch viel Zeit!\",\"provider\":{\"@id\":\"https:\/\/keypro.basictest.nl\/de\/#organization\"},\"url\":\"https:\/\/keypro.basictest.nl\/de\/dienstleistungen\/mobelverleih\/\"},{\"@type\":\"Offer\",\"@id\":\"https:\/\/keypro.basictest.nl\/de\/dienstleistungen\/mobelverleih\/#offer\",\"itemOffered\":{\"@id\":\"https:\/\/keypro.basictest.nl\/de\/dienstleistungen\/mobelverleih\/#service\"},\"priceCurrency\":\"EUR\",\"price\":\"0.00\",\"availability\":\"https:\/\/schema.org\/InStock\",\"url\":\"https:\/\/keypro.basictest.nl\/de\/dienstleistungen\/mobelverleih\/\"}]}<\/script>\n<!-- \/ Yoast SEO plugin. -->","yoast_head_json":{"title":"Die beliebteste M\u00f6belvermietung: KeyPro Deutschlandweit geliefert","robots":{"index":"noindex","follow":"follow","max-snippet":"max-snippet:-1","max-image-preview":"max-image-preview:large","max-video-preview":"max-video-preview:-1"},"og_locale":"de_DE","og_type":"article","og_site_name":"KeyPro","article_modified_time":"2025-07-15T10:06:38+00:00","og_image":[{"width":512,"height":512,"url":"https:\/\/keypro.basictest.nl\/wp-content\/uploads\/2023\/07\/cropped-KeyPro-Meubelverhuur-Furniture-Rental-1.png","type":"image\/png"}],"twitter_card":"summary_large_image","schema":{"@context":"https:\/\/schema.org","@graph":[{"@type":"WebSite","@id":"https:\/\/keypro.basictest.nl\/de\/#website","url":"https:\/\/keypro.basictest.nl\/de\/","name":"KeyPro","description":"Meubels huren of kopen? KeyPro heeft wat je zoekt","publisher":{"@id":"https:\/\/keypro.basictest.nl\/de\/#organization"},"inLanguage":"de"},{"@type":"WebPage","@id":"https:\/\/keypro.basictest.nl\/de\/dienstleistungen\/mobelverleih\/","url":"https:\/\/keypro.basictest.nl\/de\/","name":"Die beliebteste M\u00f6belvermietung: KeyPro Deutschlandweit geliefert","isPartOf":{"@id":"https:\/\/keypro.basictest.nl\/de\/#website"},"datePublished":"2021-10-22T14:33:59+00:00","dateModified":"2025-07-15T10:06:38+00:00","description":"Seit \u00fcber 10 Jahren Experten im M\u00f6belverleih und zuverl\u00e4ssiger Partner f\u00fcr Privat- und Gesch\u00e4ftskunden. Schnell, flexibel, modern & volle Kostenkontrolle.","breadcrumb":{"@id":"https:\/\/keypro.basictest.nl\/de\/#breadcrumb"},"inLanguage":"de","potentialAction":[{"@type":"ReadAction","target":["https:\/\/keypro.basictest.nl\/de\/"]}]},{"@type":"Organization","@id":"https:\/\/keypro.basictest.nl\/de\/#organization","name":"Keypro","url":"https:\/\/keypro.basictest.nl\/de\/","logo":{"@type":"ImageObject","inLanguage":"de","@id":"https:\/\/keypro.basictest.nl\/de\/#\/schema\/logo\/image\/","url":"https:\/\/www.keypro.nl\/wp-content\/uploads\/2023\/07\/cropped-KeyPro-Meubelverhuur-Furniture-Rental-1.png","contentUrl":"https:\/\/www.keypro.nl\/wp-content\/uploads\/2023\/07\/cropped-KeyPro-Meubelverhuur-Furniture-Rental-1.png","width":512,"height":512,"caption":"Keypro"},"image":{"@id":"https:\/\/keypro.basictest.nl\/de\/#\/schema\/logo\/image\/"}},{"@type":"BreadcrumbList","@id":"https:\/\/keypro.basictest.nl\/de\/dienstleistungen\/mobelverleih\/#breadcrumb","itemListElement":[{"@type":"ListItem","position":1,"name":"Home","item":"https:\/\/keypro.basictest.nl\/de\/"},{"@type":"ListItem","position":2,"name":"Dienstleistungen","item":"https:\/\/keypro.basictest.nl\/de\/dienstleistungen\/"},{"@type":"ListItem","position":3,"name":"M\u00f6belverleih \u2013 Zeit und Geld sparen","item":"https:\/\/keypro.basictest.nl\/de\/dienstleistungen\/mobelverleih\/"}]},{"@type":"LocalBusiness","@id":"https:\/\/keypro.basictest.nl\/de\/#localbusiness-amsterdam","name":"KeyPro Amsterdam","url":"https:\/\/keypro.basictest.nl\/de\/","telephone":"+31850022110","address":{"@type":"PostalAddress","streetAddress":"Gyroscoopweg 66","addressLocality":"AMSTERDAM","postalCode":"1042 AC","addressCountry":"NL"},"geo":{"@type":"GeoCoordinates","latitude":"52.39975","longitude":"4.84321"},"logo":{"@id":"https:\/\/keypro.basictest.nl\/de\/#\/schema\/logo\/image\/"}},{"@type":"LocalBusiness","@id":"https:\/\/keypro.basictest.nl\/de\/#localbusiness-groningen","name":"KeyPro Groningen","url":"https:\/\/keypro.basictest.nl\/de\/","telephone":"+31850022110","address":{"@type":"PostalAddress","streetAddress":"Rigaweg 12","addressLocality":"GRONINGEN","postalCode":"9723 TH","addressCountry":"NL"},"geo":{"@type":"GeoCoordinates","latitude":"53.211180","longitude":"6.608492"},"logo":{"@id":"https:\/\/keypro.basictest.nl\/de\/#\/schema\/logo\/image\/"}},{"@type":"Service","@id":"https:\/\/keypro.basictest.nl\/de\/dienstleistungen\/mobelverleih\/#service","name":"M\u00f6belverleih \u2013 Zeit und Geld sparen","description":"Bei KeyPro k\u00f6nnen Sie verschiedene Arten von M\u00f6beln oder M\u00f6belpakete mieten. Wir bieten f\u00fcr jedes Zuhause, jede Gastronomie oder Produktion die passende Einrichtung. Das Mieten von M\u00f6beln ist einfach, schnell und g\u00fcnstiger als der Kauf. Wir sorgen daf\u00fcr, dass die von Ihnen ausgew\u00e4hlten M\u00f6bel zum gew\u00fcnschten Zeitpunkt geliefert und vor Ort montiert werden. So sparen Sie nicht nur jede Menge Lagerkosten, sondern auch viel Zeit!","provider":{"@id":"https:\/\/keypro.basictest.nl\/de\/#organization"},"url":"https:\/\/keypro.basictest.nl\/de\/dienstleistungen\/mobelverleih\/"},{"@type":"Offer","@id":"https:\/\/keypro.basictest.nl\/de\/dienstleistungen\/mobelverleih\/#offer","itemOffered":{"@id":"https:\/\/keypro.basictest.nl\/de\/dienstleistungen\/mobelverleih\/#service"},"priceCurrency":"EUR","price":"0.00","availability":"https:\/\/schema.org\/InStock","url":"https:\/\/keypro.basictest.nl\/de\/dienstleistungen\/mobelverleih\/"}]}},"_links":{"self":[{"href":"https:\/\/keypro.basictest.nl\/de\/wp-json\/wp\/v2\/pages\/6553","targetHints":{"allow":["GET"]}}],"collection":[{"href":"https:\/\/keypro.basictest.nl\/de\/wp-json\/wp\/v2\/pages"}],"about":[{"href":"https:\/\/keypro.basictest.nl\/de\/wp-json\/wp\/v2\/types\/page"}],"author":[{"embeddable":true,"href":"https:\/\/keypro.basictest.nl\/de\/wp-json\/wp\/v2\/users\/1"}],"replies":[{"embeddable":true,"href":"https:\/\/keypro.basictest.nl\/de\/wp-json\/wp\/v2\/comments?post=6553"}],"version-history":[{"count":0,"href":"https:\/\/keypro.basictest.nl\/de\/wp-json\/wp\/v2\/pages\/6553\/revisions"}],"up":[{"embeddable":true,"href":"https:\/\/keypro.basictest.nl\/de\/wp-json\/wp\/v2\/pages\/3944"}],"wp:attachment":[{"href":"https:\/\/keypro.basictest.nl\/de\/wp-json\/wp\/v2\/media?parent=6553"}],"curies":[{"name":"wp","href":"https:\/\/api.w.org\/{rel}","templated":true}]}}