{"id":14067,"date":"2023-06-28T12:21:06","date_gmt":"2023-06-28T12:21:06","guid":{"rendered":"https:\/\/www.keypro.nl\/?page_id=14067"},"modified":"2025-03-25T20:59:05","modified_gmt":"2025-03-25T20:59:05","slug":"ihr-haus-zum-verkauf-vorbereiten-home-staging","status":"publish","type":"page","link":"https:\/\/keypro.basictest.nl\/de\/mobel-mieten-profi\/ihr-haus-zum-verkauf-vorbereiten-home-staging\/","title":{"rendered":"Home Staging"},"content":{"rendered":"","protected":false},"excerpt":{"rendered":"","protected":false},"author":3,"featured_media":0,"parent":9527,"menu_order":0,"comment_status":"closed","ping_status":"closed","template":"","meta":{"_acf_changed":false,"footnotes":""},"class_list":["post-14067","page","type-page","status-publish","hentry"],"acf":[],"yoast_head":"<!-- This site is optimized with the Yoast SEO plugin v26.4 - https:\/\/yoast.com\/wordpress\/plugins\/seo\/ -->\n<title>Ihr Haus zum Verkauf vorbereiten? Home Staging | KeyPro<\/title>\n<meta name=\"robots\" content=\"noindex, follow, max-snippet:-1, max-image-preview:large, max-video-preview:-1\" \/>\n<meta property=\"og:locale\" content=\"de_DE\" \/>\n<meta property=\"og:type\" content=\"article\" \/>\n<meta property=\"og:site_name\" content=\"KeyPro\" \/>\n<meta property=\"article:modified_time\" content=\"2025-03-25T20:59:05+00:00\" \/>\n<meta property=\"og:image\" content=\"https:\/\/keypro.basictest.nl\/wp-content\/uploads\/2023\/07\/cropped-KeyPro-Meubelverhuur-Furniture-Rental-1.png\" \/>\n\t<meta property=\"og:image:width\" content=\"512\" \/>\n\t<meta property=\"og:image:height\" content=\"512\" \/>\n\t<meta property=\"og:image:type\" content=\"image\/png\" \/>\n<meta name=\"twitter:card\" content=\"summary_large_image\" \/>\n<script type=\"application\/ld+json\" class=\"yoast-schema-graph\">{\"@context\":\"https:\/\/schema.org\",\"@graph\":[{\"@type\":\"WebSite\",\"@id\":\"https:\/\/keypro.basictest.nl\/de\/#website\",\"url\":\"https:\/\/keypro.basictest.nl\/de\/\",\"name\":\"KeyPro\",\"description\":\"Meubels huren of kopen? KeyPro heeft wat je zoekt\",\"publisher\":{\"@id\":\"https:\/\/keypro.basictest.nl\/de\/#organization\"},\"inLanguage\":\"de\"},{\"@type\":\"WebPage\",\"@id\":\"https:\/\/keypro.basictest.nl\/de\/mobel-mieten-profi\/ihr-haus-zum-verkauf-vorbereiten-home-staging\/\",\"url\":\"https:\/\/keypro.basictest.nl\/de\/\",\"name\":\"Ihr Haus zum Verkauf vorbereiten? Home Staging | KeyPro\",\"isPartOf\":{\"@id\":\"https:\/\/keypro.basictest.nl\/de\/#website\"},\"datePublished\":\"2023-06-28T12:21:06+00:00\",\"dateModified\":\"2025-03-25T20:59:05+00:00\",\"description\":\"Mieten Sie sch\u00f6ne M\u00f6bel, um ein Haus zum Verkauf zu stylen? Ein Home Staging ist ab einem Tag m\u00f6glich und innerhalb von 24 Stunden erhalten Sie ein Angebot in Ihrer Mailbox\",\"breadcrumb\":{\"@id\":\"https:\/\/keypro.basictest.nl\/de\/#breadcrumb\"},\"inLanguage\":\"de\",\"potentialAction\":[{\"@type\":\"ReadAction\",\"target\":[\"https:\/\/keypro.basictest.nl\/de\/\"]}]},{\"@type\":\"Organization\",\"@id\":\"https:\/\/keypro.basictest.nl\/de\/#organization\",\"name\":\"Keypro\",\"url\":\"https:\/\/keypro.basictest.nl\/de\/\",\"logo\":{\"@type\":\"ImageObject\",\"inLanguage\":\"de\",\"@id\":\"https:\/\/keypro.basictest.nl\/de\/#\/schema\/logo\/image\/\",\"url\":\"https:\/\/www.keypro.nl\/wp-content\/uploads\/2023\/07\/cropped-KeyPro-Meubelverhuur-Furniture-Rental-1.png\",\"contentUrl\":\"https:\/\/www.keypro.nl\/wp-content\/uploads\/2023\/07\/cropped-KeyPro-Meubelverhuur-Furniture-Rental-1.png\",\"width\":512,\"height\":512,\"caption\":\"Keypro\"},\"image\":{\"@id\":\"https:\/\/keypro.basictest.nl\/de\/#\/schema\/logo\/image\/\"}},{\"@type\":\"BreadcrumbList\",\"@id\":\"https:\/\/keypro.basictest.nl\/de\/mobel-mieten-profi\/ihr-haus-zum-verkauf-vorbereiten-home-staging\/#breadcrumb\",\"itemListElement\":[{\"@type\":\"ListItem\",\"position\":1,\"name\":\"Home\",\"item\":\"https:\/\/keypro.basictest.nl\/de\/\"},{\"@type\":\"ListItem\",\"position\":2,\"name\":\"M\u00f6bel mieten als Profi\",\"item\":\"https:\/\/keypro.basictest.nl\/de\/mobel-mieten-profi\/\"},{\"@type\":\"ListItem\",\"position\":3,\"name\":\"Home Staging\",\"item\":\"https:\/\/keypro.basictest.nl\/de\/mobel-mieten-profi\/ihr-haus-zum-verkauf-vorbereiten-home-staging\/\"}]},{\"@type\":\"LocalBusiness\",\"@id\":\"https:\/\/keypro.basictest.nl\/de\/#localbusiness-amsterdam\",\"name\":\"KeyPro Amsterdam\",\"url\":\"https:\/\/keypro.basictest.nl\/de\/\",\"telephone\":\"+31850022110\",\"address\":{\"@type\":\"PostalAddress\",\"streetAddress\":\"Gyroscoopweg 66\",\"addressLocality\":\"AMSTERDAM\",\"postalCode\":\"1042 AC\",\"addressCountry\":\"NL\"},\"geo\":{\"@type\":\"GeoCoordinates\",\"latitude\":\"52.39975\",\"longitude\":\"4.84321\"},\"logo\":{\"@id\":\"https:\/\/keypro.basictest.nl\/de\/#\/schema\/logo\/image\/\"}},{\"@type\":\"LocalBusiness\",\"@id\":\"https:\/\/keypro.basictest.nl\/de\/#localbusiness-groningen\",\"name\":\"KeyPro Groningen\",\"url\":\"https:\/\/keypro.basictest.nl\/de\/\",\"telephone\":\"+31850022110\",\"address\":{\"@type\":\"PostalAddress\",\"streetAddress\":\"Rigaweg 12\",\"addressLocality\":\"GRONINGEN\",\"postalCode\":\"9723 TH\",\"addressCountry\":\"NL\"},\"geo\":{\"@type\":\"GeoCoordinates\",\"latitude\":\"53.211180\",\"longitude\":\"6.608492\"},\"logo\":{\"@id\":\"https:\/\/keypro.basictest.nl\/de\/#\/schema\/logo\/image\/\"}}]}<\/script>\n<!-- \/ Yoast SEO plugin. -->","yoast_head_json":{"title":"Ihr Haus zum Verkauf vorbereiten? Home Staging | KeyPro","robots":{"index":"noindex","follow":"follow","max-snippet":"max-snippet:-1","max-image-preview":"max-image-preview:large","max-video-preview":"max-video-preview:-1"},"og_locale":"de_DE","og_type":"article","og_site_name":"KeyPro","article_modified_time":"2025-03-25T20:59:05+00:00","og_image":[{"width":512,"height":512,"url":"https:\/\/keypro.basictest.nl\/wp-content\/uploads\/2023\/07\/cropped-KeyPro-Meubelverhuur-Furniture-Rental-1.png","type":"image\/png"}],"twitter_card":"summary_large_image","schema":{"@context":"https:\/\/schema.org","@graph":[{"@type":"WebSite","@id":"https:\/\/keypro.basictest.nl\/de\/#website","url":"https:\/\/keypro.basictest.nl\/de\/","name":"KeyPro","description":"Meubels huren of kopen? KeyPro heeft wat je zoekt","publisher":{"@id":"https:\/\/keypro.basictest.nl\/de\/#organization"},"inLanguage":"de"},{"@type":"WebPage","@id":"https:\/\/keypro.basictest.nl\/de\/mobel-mieten-profi\/ihr-haus-zum-verkauf-vorbereiten-home-staging\/","url":"https:\/\/keypro.basictest.nl\/de\/","name":"Ihr Haus zum Verkauf vorbereiten? Home Staging | KeyPro","isPartOf":{"@id":"https:\/\/keypro.basictest.nl\/de\/#website"},"datePublished":"2023-06-28T12:21:06+00:00","dateModified":"2025-03-25T20:59:05+00:00","description":"Mieten Sie sch\u00f6ne M\u00f6bel, um ein Haus zum Verkauf zu stylen? Ein Home Staging ist ab einem Tag m\u00f6glich und innerhalb von 24 Stunden erhalten Sie ein Angebot in Ihrer Mailbox","breadcrumb":{"@id":"https:\/\/keypro.basictest.nl\/de\/#breadcrumb"},"inLanguage":"de","potentialAction":[{"@type":"ReadAction","target":["https:\/\/keypro.basictest.nl\/de\/"]}]},{"@type":"Organization","@id":"https:\/\/keypro.basictest.nl\/de\/#organization","name":"Keypro","url":"https:\/\/keypro.basictest.nl\/de\/","logo":{"@type":"ImageObject","inLanguage":"de","@id":"https:\/\/keypro.basictest.nl\/de\/#\/schema\/logo\/image\/","url":"https:\/\/www.keypro.nl\/wp-content\/uploads\/2023\/07\/cropped-KeyPro-Meubelverhuur-Furniture-Rental-1.png","contentUrl":"https:\/\/www.keypro.nl\/wp-content\/uploads\/2023\/07\/cropped-KeyPro-Meubelverhuur-Furniture-Rental-1.png","width":512,"height":512,"caption":"Keypro"},"image":{"@id":"https:\/\/keypro.basictest.nl\/de\/#\/schema\/logo\/image\/"}},{"@type":"BreadcrumbList","@id":"https:\/\/keypro.basictest.nl\/de\/mobel-mieten-profi\/ihr-haus-zum-verkauf-vorbereiten-home-staging\/#breadcrumb","itemListElement":[{"@type":"ListItem","position":1,"name":"Home","item":"https:\/\/keypro.basictest.nl\/de\/"},{"@type":"ListItem","position":2,"name":"M\u00f6bel mieten als Profi","item":"https:\/\/keypro.basictest.nl\/de\/mobel-mieten-profi\/"},{"@type":"ListItem","position":3,"name":"Home Staging","item":"https:\/\/keypro.basictest.nl\/de\/mobel-mieten-profi\/ihr-haus-zum-verkauf-vorbereiten-home-staging\/"}]},{"@type":"LocalBusiness","@id":"https:\/\/keypro.basictest.nl\/de\/#localbusiness-amsterdam","name":"KeyPro Amsterdam","url":"https:\/\/keypro.basictest.nl\/de\/","telephone":"+31850022110","address":{"@type":"PostalAddress","streetAddress":"Gyroscoopweg 66","addressLocality":"AMSTERDAM","postalCode":"1042 AC","addressCountry":"NL"},"geo":{"@type":"GeoCoordinates","latitude":"52.39975","longitude":"4.84321"},"logo":{"@id":"https:\/\/keypro.basictest.nl\/de\/#\/schema\/logo\/image\/"}},{"@type":"LocalBusiness","@id":"https:\/\/keypro.basictest.nl\/de\/#localbusiness-groningen","name":"KeyPro Groningen","url":"https:\/\/keypro.basictest.nl\/de\/","telephone":"+31850022110","address":{"@type":"PostalAddress","streetAddress":"Rigaweg 12","addressLocality":"GRONINGEN","postalCode":"9723 TH","addressCountry":"NL"},"geo":{"@type":"GeoCoordinates","latitude":"53.211180","longitude":"6.608492"},"logo":{"@id":"https:\/\/keypro.basictest.nl\/de\/#\/schema\/logo\/image\/"}}]}},"_links":{"self":[{"href":"https:\/\/keypro.basictest.nl\/de\/wp-json\/wp\/v2\/pages\/14067","targetHints":{"allow":["GET"]}}],"collection":[{"href":"https:\/\/keypro.basictest.nl\/de\/wp-json\/wp\/v2\/pages"}],"about":[{"href":"https:\/\/keypro.basictest.nl\/de\/wp-json\/wp\/v2\/types\/page"}],"author":[{"embeddable":true,"href":"https:\/\/keypro.basictest.nl\/de\/wp-json\/wp\/v2\/users\/3"}],"replies":[{"embeddable":true,"href":"https:\/\/keypro.basictest.nl\/de\/wp-json\/wp\/v2\/comments?post=14067"}],"version-history":[{"count":0,"href":"https:\/\/keypro.basictest.nl\/de\/wp-json\/wp\/v2\/pages\/14067\/revisions"}],"up":[{"embeddable":true,"href":"https:\/\/keypro.basictest.nl\/de\/wp-json\/wp\/v2\/pages\/9527"}],"wp:attachment":[{"href":"https:\/\/keypro.basictest.nl\/de\/wp-json\/wp\/v2\/media?parent=14067"}],"curies":[{"name":"wp","href":"https:\/\/api.w.org\/{rel}","templated":true}]}}